{"id":8,"date":"2022-07-17T19:50:59","date_gmt":"2022-07-17T17:50:59","guid":{"rendered":"http:\/\/shumik.net\/?page_id=8"},"modified":"2022-08-25T09:39:39","modified_gmt":"2022-08-25T07:39:39","slug":"contact","status":"publish","type":"page","link":"https:\/\/shumik.net\/index.php\/contact\/","title":{"rendered":"Kontakt"},"content":{"rendered":"\n<div class=\"wp-block-cover alignfull\" style=\"min-height:300px;aspect-ratio:unset;\"><span aria-hidden=\"true\" class=\"wp-block-cover__background has-nv-site-bg-background-color has-background-dim-100 has-background-dim\"><\/span><div class=\"wp-block-cover__inner-container is-layout-flow wp-block-cover-is-layout-flow\">\n<div class=\"wp-block-group\"><div class=\"wp-block-group__inner-container is-layout-flow wp-block-group-is-layout-flow\">\n<h1 class=\"has-text-align-left has-neve-text-color-color has-text-color wp-block-heading\">Pokud jde o design jsme po\u0159\u00e1d na p\u0159\u00edjmu<\/h1>\n<\/div><\/div>\n<\/div><\/div>\n\n\n\n<div class=\"wp-block-columns has-nv-light-bg-background-color has-background is-layout-flex wp-container-core-columns-is-layout-9d6595d7 wp-block-columns-is-layout-flex\">\n<div class=\"wp-block-column is-layout-flow wp-block-column-is-layout-flow\">\n<div style=\"height:5px\" aria-hidden=\"true\" class=\"wp-block-spacer\"><\/div>\n\n\n<div class=\"wp-block-image icon-style is-style-rounded\">\n<figure class=\"aligncenter is-resized\"><img loading=\"lazy\" decoding=\"async\" src=\"https:\/\/shumik.net\/wp-content\/themes\/neve\/assets\/img\/starter-content\/icon-05.svg\" alt=\"\" width=\"48\" height=\"48\"\/><\/figure>\n<\/div>\n\n\n<h3 class=\"has-text-align-center has-neve-text-color-color has-text-color wp-block-heading\">Volejte<\/h3>\n\n\n\n<p class=\"has-text-align-center has-neve-text-color-color has-text-color\" style=\"font-size:15px\">+420 608 027 098 | Pond\u011bl\u00ed &#8211; P\u00e1tek<\/p>\n\n\n\n<div style=\"height:17px\" aria-hidden=\"true\" class=\"wp-block-spacer\"><\/div>\n\n\n<div class=\"wp-block-image icon-style is-style-rounded\">\n<figure class=\"aligncenter is-resized\"><img loading=\"lazy\" decoding=\"async\" src=\"https:\/\/shumik.net\/wp-content\/themes\/neve\/assets\/img\/starter-content\/icon-06.svg\" alt=\"\" width=\"48\" height=\"48\"\/><\/figure>\n<\/div>\n\n\n<h3 class=\"has-text-align-center has-neve-text-color-color has-text-color wp-block-heading\">Pi\u0161te<\/h3>\n\n\n\n<p class=\"has-text-align-center has-neve-text-color-color has-text-color\" style=\"font-size:15px\">shumik@shumik.net<\/p>\n<\/div>\n\n\n\n<div class=\"wp-block-column is-layout-flow wp-block-column-is-layout-flow\">\n<div style=\"height:23px\" aria-hidden=\"true\" class=\"wp-block-spacer\"><\/div>\n\n\n\n<h3 class=\"has-text-align-center wp-block-heading\">Faktura\u010dn\u00ed \u00fadaje<\/h3>\n\n\n\n<p><strong>Bordo Libero s.r.o<\/strong><\/p>\n\n\n\n<p>I\u010c: 10753192                                                                                                                          DI\u010c: 10753192<\/p>\n\n\n\n<p>\u010c\u00edslo \u00fa\u010dtu: 2501978073\/2010<\/p>\n\n\n\n<p>Jsme pl\u00e1tci DPH.<\/p>\n\n\n\n<p>Spole\u010dnost zaps\u00e1na v obchodn\u00edm rejst\u0159\u00edku Krajsk\u00e9ho soudu v Ostrav\u011b C, 85448.<\/p>\n<\/div>\n<\/div>\n","protected":false},"excerpt":{"rendered":"<p>Volejte +420 608 027 098 | Pond\u011bl\u00ed &#8211; P\u00e1tek Pi\u0161te shumik@shumik.net Faktura\u010dn\u00ed \u00fadaje Bordo Libero s.r.o I\u010c: 10753192 DI\u010c: 10753192 \u010c\u00edslo \u00fa\u010dtu: 2501978073\/2010 Jsme pl\u00e1tci DPH. Spole\u010dnost zaps\u00e1na v obchodn\u00edm rejst\u0159\u00edku Krajsk\u00e9ho soudu v Ostrav\u011b C, 85448.<\/p>\n","protected":false},"author":1,"featured_media":0,"parent":0,"menu_order":0,"comment_status":"closed","ping_status":"closed","template":"","meta":{"neve_meta_sidebar":"","neve_meta_container":"","neve_meta_enable_content_width":"on","neve_meta_content_width":100,"neve_meta_title_alignment":"","neve_meta_author_avatar":"","neve_post_elements_order":"","neve_meta_disable_header":"","neve_meta_disable_footer":"","neve_meta_disable_title":"on","footnotes":""},"class_list":["post-8","page","type-page","status-publish","hentry"],"_links":{"self":[{"href":"https:\/\/shumik.net\/index.php\/wp-json\/wp\/v2\/pages\/8","targetHints":{"allow":["GET"]}}],"collection":[{"href":"https:\/\/shumik.net\/index.php\/wp-json\/wp\/v2\/pages"}],"about":[{"href":"https:\/\/shumik.net\/index.php\/wp-json\/wp\/v2\/types\/page"}],"author":[{"embeddable":true,"href":"https:\/\/shumik.net\/index.php\/wp-json\/wp\/v2\/users\/1"}],"replies":[{"embeddable":true,"href":"https:\/\/shumik.net\/index.php\/wp-json\/wp\/v2\/comments?post=8"}],"version-history":[{"count":5,"href":"https:\/\/shumik.net\/index.php\/wp-json\/wp\/v2\/pages\/8\/revisions"}],"predecessor-version":[{"id":168,"href":"https:\/\/shumik.net\/index.php\/wp-json\/wp\/v2\/pages\/8\/revisions\/168"}],"wp:attachment":[{"href":"https:\/\/shumik.net\/index.php\/wp-json\/wp\/v2\/media?parent=8"}],"curies":[{"name":"wp","href":"https:\/\/api.w.org\/{rel}","templated":true}]}}