{"id":109,"date":"2022-08-24T16:56:25","date_gmt":"2022-08-24T14:56:25","guid":{"rendered":"https:\/\/shumik.net\/?page_id=109"},"modified":"2022-08-31T17:51:42","modified_gmt":"2022-08-31T15:51:42","slug":"obaly","status":"publish","type":"page","link":"https:\/\/shumik.net\/index.php\/obaly\/","title":{"rendered":""},"content":{"rendered":"\n<div style=\"height:100px\" aria-hidden=\"true\" class=\"wp-block-spacer\"><\/div>\n\n\n\n<div class=\"wp-block-columns is-layout-flex wp-container-core-columns-is-layout-9d6595d7 wp-block-columns-is-layout-flex\">\n<div class=\"wp-block-column is-layout-flow wp-block-column-is-layout-flow\" style=\"flex-basis:33.33%\">\n<h2 class=\"wp-block-heading\">Obaly<\/h2>\n<\/div>\n\n\n\n<div class=\"wp-block-column is-layout-flow wp-block-column-is-layout-flow\" style=\"flex-basis:66.66%\">\n<p>Kl\u00ed\u010dem k \u00fasp\u011b\u0161n\u00e9mu prodeji produktu je d\u00e1t mu ten spr\u00e1vn\u00fd kab\u00e1tek. \u0158ekn\u011bte n\u00e1m, kdo je va\u0161\u00ed c\u00edlovou skupinou a my se o n\u00e1vrh kab\u00e1tku postar\u00e1me.<\/p>\n<\/div>\n<\/div>\n\n\n\n<figure class=\"wp-block-gallery has-nested-images columns-default is-cropped wp-block-gallery-1 is-layout-flex wp-block-gallery-is-layout-flex\">\n<figure class=\"wp-block-image size-large\"><img loading=\"lazy\" decoding=\"async\" width=\"600\" height=\"600\" data-id=\"110\" src=\"https:\/\/shumik.net\/wp-content\/uploads\/2022\/08\/01_arty_all.jpg\" alt=\"\" class=\"wp-image-110\" srcset=\"https:\/\/shumik.net\/wp-content\/uploads\/2022\/08\/01_arty_all.jpg 600w, https:\/\/shumik.net\/wp-content\/uploads\/2022\/08\/01_arty_all-300x300.jpg 300w, https:\/\/shumik.net\/wp-content\/uploads\/2022\/08\/01_arty_all-150x150.jpg 150w\" sizes=\"auto, (max-width: 600px) 100vw, 600px\" \/><\/figure>\n\n\n\n<figure class=\"wp-block-image size-large\"><img loading=\"lazy\" decoding=\"async\" width=\"600\" height=\"600\" data-id=\"111\" src=\"https:\/\/shumik.net\/wp-content\/uploads\/2022\/08\/02_arty_glass_clear.jpg\" alt=\"\" class=\"wp-image-111\" srcset=\"https:\/\/shumik.net\/wp-content\/uploads\/2022\/08\/02_arty_glass_clear.jpg 600w, https:\/\/shumik.net\/wp-content\/uploads\/2022\/08\/02_arty_glass_clear-300x300.jpg 300w, https:\/\/shumik.net\/wp-content\/uploads\/2022\/08\/02_arty_glass_clear-150x150.jpg 150w\" sizes=\"auto, (max-width: 600px) 100vw, 600px\" \/><\/figure>\n\n\n\n<figure class=\"wp-block-image size-large\"><img loading=\"lazy\" decoding=\"async\" width=\"600\" height=\"600\" data-id=\"112\" src=\"https:\/\/shumik.net\/wp-content\/uploads\/2022\/08\/03_arty_box_spa_line_.jpg\" alt=\"\" class=\"wp-image-112\" srcset=\"https:\/\/shumik.net\/wp-content\/uploads\/2022\/08\/03_arty_box_spa_line_.jpg 600w, https:\/\/shumik.net\/wp-content\/uploads\/2022\/08\/03_arty_box_spa_line_-300x300.jpg 300w, https:\/\/shumik.net\/wp-content\/uploads\/2022\/08\/03_arty_box_spa_line_-150x150.jpg 150w\" sizes=\"auto, (max-width: 600px) 100vw, 600px\" \/><\/figure>\n\n\n\n<figure class=\"wp-block-image size-large\"><img loading=\"lazy\" decoding=\"async\" width=\"600\" height=\"600\" data-id=\"113\" src=\"https:\/\/shumik.net\/wp-content\/uploads\/2022\/08\/04_arty_box_gel_polish_with_bottles.jpg\" alt=\"\" class=\"wp-image-113\" srcset=\"https:\/\/shumik.net\/wp-content\/uploads\/2022\/08\/04_arty_box_gel_polish_with_bottles.jpg 600w, https:\/\/shumik.net\/wp-content\/uploads\/2022\/08\/04_arty_box_gel_polish_with_bottles-300x300.jpg 300w, https:\/\/shumik.net\/wp-content\/uploads\/2022\/08\/04_arty_box_gel_polish_with_bottles-150x150.jpg 150w\" sizes=\"auto, (max-width: 600px) 100vw, 600px\" \/><\/figure>\n\n\n\n<figure class=\"wp-block-image size-large\"><img loading=\"lazy\" decoding=\"async\" width=\"600\" height=\"600\" data-id=\"114\" src=\"https:\/\/shumik.net\/wp-content\/uploads\/2022\/08\/05_arty_Polygel_tube.jpg\" alt=\"\" class=\"wp-image-114\" srcset=\"https:\/\/shumik.net\/wp-content\/uploads\/2022\/08\/05_arty_Polygel_tube.jpg 600w, https:\/\/shumik.net\/wp-content\/uploads\/2022\/08\/05_arty_Polygel_tube-300x300.jpg 300w, https:\/\/shumik.net\/wp-content\/uploads\/2022\/08\/05_arty_Polygel_tube-150x150.jpg 150w\" sizes=\"auto, (max-width: 600px) 100vw, 600px\" \/><\/figure>\n\n\n\n<figure class=\"wp-block-image size-large\"><img loading=\"lazy\" decoding=\"async\" width=\"600\" height=\"600\" data-id=\"115\" src=\"https:\/\/shumik.net\/wp-content\/uploads\/2022\/08\/06_flax.jpg\" alt=\"\" class=\"wp-image-115\" srcset=\"https:\/\/shumik.net\/wp-content\/uploads\/2022\/08\/06_flax.jpg 600w, https:\/\/shumik.net\/wp-content\/uploads\/2022\/08\/06_flax-300x300.jpg 300w, https:\/\/shumik.net\/wp-content\/uploads\/2022\/08\/06_flax-150x150.jpg 150w\" sizes=\"auto, (max-width: 600px) 100vw, 600px\" \/><\/figure>\n\n\n\n<figure class=\"wp-block-image size-large\"><img loading=\"lazy\" decoding=\"async\" width=\"600\" height=\"600\" data-id=\"116\" src=\"https:\/\/shumik.net\/wp-content\/uploads\/2022\/08\/07_sunflofer.jpg\" alt=\"\" class=\"wp-image-116\" srcset=\"https:\/\/shumik.net\/wp-content\/uploads\/2022\/08\/07_sunflofer.jpg 600w, https:\/\/shumik.net\/wp-content\/uploads\/2022\/08\/07_sunflofer-300x300.jpg 300w, https:\/\/shumik.net\/wp-content\/uploads\/2022\/08\/07_sunflofer-150x150.jpg 150w\" sizes=\"auto, (max-width: 600px) 100vw, 600px\" \/><\/figure>\n\n\n\n<figure class=\"wp-block-image size-large\"><img loading=\"lazy\" decoding=\"async\" width=\"600\" height=\"600\" data-id=\"117\" src=\"https:\/\/shumik.net\/wp-content\/uploads\/2022\/08\/08_krabice_LNG.jpg\" alt=\"\" class=\"wp-image-117\" srcset=\"https:\/\/shumik.net\/wp-content\/uploads\/2022\/08\/08_krabice_LNG.jpg 600w, https:\/\/shumik.net\/wp-content\/uploads\/2022\/08\/08_krabice_LNG-300x300.jpg 300w, https:\/\/shumik.net\/wp-content\/uploads\/2022\/08\/08_krabice_LNG-150x150.jpg 150w\" sizes=\"auto, (max-width: 600px) 100vw, 600px\" \/><\/figure>\n\n\n\n<figure class=\"wp-block-image size-large\"><img loading=\"lazy\" decoding=\"async\" width=\"600\" height=\"600\" data-id=\"118\" src=\"https:\/\/shumik.net\/wp-content\/uploads\/2022\/08\/09_krabice_ryze_GPV.jpg\" alt=\"\" class=\"wp-image-118\" srcset=\"https:\/\/shumik.net\/wp-content\/uploads\/2022\/08\/09_krabice_ryze_GPV.jpg 600w, https:\/\/shumik.net\/wp-content\/uploads\/2022\/08\/09_krabice_ryze_GPV-300x300.jpg 300w, https:\/\/shumik.net\/wp-content\/uploads\/2022\/08\/09_krabice_ryze_GPV-150x150.jpg 150w\" sizes=\"auto, (max-width: 600px) 100vw, 600px\" \/><\/figure>\n<\/figure>\n\n\n\n<div style=\"height:30px\" aria-hidden=\"true\" class=\"wp-block-spacer\"><\/div>\n","protected":false},"excerpt":{"rendered":"<p>Obaly Kl\u00ed\u010dem k \u00fasp\u011b\u0161n\u00e9mu prodeji produktu je d\u00e1t mu ten spr\u00e1vn\u00fd kab\u00e1tek. \u0158ekn\u011bte n\u00e1m, kdo je va\u0161\u00ed c\u00edlovou skupinou a my se o n\u00e1vrh kab\u00e1tku postar\u00e1me.<\/p>\n","protected":false},"author":1,"featured_media":0,"parent":0,"menu_order":0,"comment_status":"closed","ping_status":"closed","template":"","meta":{"neve_meta_sidebar":"","neve_meta_container":"","neve_meta_enable_content_width":"","neve_meta_content_width":0,"neve_meta_title_alignment":"","neve_meta_author_avatar":"","neve_post_elements_order":"","neve_meta_disable_header":"","neve_meta_disable_footer":"","neve_meta_disable_title":"","footnotes":""},"class_list":["post-109","page","type-page","status-publish","hentry"],"_links":{"self":[{"href":"https:\/\/shumik.net\/index.php\/wp-json\/wp\/v2\/pages\/109","targetHints":{"allow":["GET"]}}],"collection":[{"href":"https:\/\/shumik.net\/index.php\/wp-json\/wp\/v2\/pages"}],"about":[{"href":"https:\/\/shumik.net\/index.php\/wp-json\/wp\/v2\/types\/page"}],"author":[{"embeddable":true,"href":"https:\/\/shumik.net\/index.php\/wp-json\/wp\/v2\/users\/1"}],"replies":[{"embeddable":true,"href":"https:\/\/shumik.net\/index.php\/wp-json\/wp\/v2\/comments?post=109"}],"version-history":[{"count":3,"href":"https:\/\/shumik.net\/index.php\/wp-json\/wp\/v2\/pages\/109\/revisions"}],"predecessor-version":[{"id":227,"href":"https:\/\/shumik.net\/index.php\/wp-json\/wp\/v2\/pages\/109\/revisions\/227"}],"wp:attachment":[{"href":"https:\/\/shumik.net\/index.php\/wp-json\/wp\/v2\/media?parent=109"}],"curies":[{"name":"wp","href":"https:\/\/api.w.org\/{rel}","templated":true}]}}